{"id":369,"date":"2019-07-05T13:41:09","date_gmt":"2019-07-05T11:41:09","guid":{"rendered":"http:\/\/gerhard-gneist.de\/?page_id=369"},"modified":"2022-07-13T19:37:51","modified_gmt":"2022-07-13T17:37:51","slug":"zahnaerzte","status":"publish","type":"page","link":"https:\/\/gerhard-gneist.de\/?page_id=369","title":{"rendered":"Zahn\u00e4rzte"},"content":{"rendered":"<p>&nbsp;<\/p>\n<p><span style=\"text-decoration: underline;\"><strong>Zahnarzt Herr Dr. Markus Hoffmann:<\/strong><\/span><\/p>\n<p><img loading=\"lazy\" decoding=\"async\" class=\"alignnone wp-image-251\" src=\"https:\/\/gerhard-gneist.de\/wp-content\/uploads\/2017\/09\/Zahnarzt-Dr.-Markus-Hoffmann-Zahnarztpraxis-Gneist-und-Hoffmann-Berlin-Wittenau-1024x678.jpg\" alt=\"\" width=\"377\" height=\"250\" srcset=\"https:\/\/gerhard-gneist.de\/wp-content\/uploads\/2017\/09\/Zahnarzt-Dr.-Markus-Hoffmann-Zahnarztpraxis-Gneist-und-Hoffmann-Berlin-Wittenau-1024x678.jpg 1024w, https:\/\/gerhard-gneist.de\/wp-content\/uploads\/2017\/09\/Zahnarzt-Dr.-Markus-Hoffmann-Zahnarztpraxis-Gneist-und-Hoffmann-Berlin-Wittenau-300x199.jpg 300w, https:\/\/gerhard-gneist.de\/wp-content\/uploads\/2017\/09\/Zahnarzt-Dr.-Markus-Hoffmann-Zahnarztpraxis-Gneist-und-Hoffmann-Berlin-Wittenau-768x509.jpg 768w, https:\/\/gerhard-gneist.de\/wp-content\/uploads\/2017\/09\/Zahnarzt-Dr.-Markus-Hoffmann-Zahnarztpraxis-Gneist-und-Hoffmann-Berlin-Wittenau.jpg 1200w\" sizes=\"auto, (max-width: 377px) 100vw, 377px\" \/><\/p>\n<p>Zahnarzt Dr. Markus Hoffmann wurde 1964 in Frankfurt am Main geboren. Er lebt seit 1972 in Berlin.<\/p>\n<ul>\n<li>Studium an der Freien Universit\u00e4t Berlin und 1990 Approbation als Zahnarzt.<\/li>\n<li>Promotion an der Humboldt Universit\u00e4t Berlin 1999 an der Medizinischen Fakult\u00e4t, Abteilung f\u00fcr Mund-, Kiefer- und Gesichtschirurgie, Plastische Operationen.<\/li>\n<li>Niedergelassener Zahnarzt in Berlin-Wittenau in eigener Praxis seit 1994.<\/li>\n<\/ul>\n<p><span style=\"color: #ffffff;\">.<\/span><\/p>\n<p><span style=\"color: #ffffff;\">.<\/span><\/p>\n<p><strong><span style=\"text-decoration: underline;\">Zahnarzt Herr Gerhard Gneist:<\/span><\/strong><\/p>\n<p><img loading=\"lazy\" decoding=\"async\" class=\"alignnone wp-image-245 size-full\" src=\"https:\/\/gerhard-gneist.de\/wp-content\/uploads\/2013\/07\/Zahnarzt-Gerhard-Gneist-Zahnarztpraxis-Gneist-und-Hoffmann-Berlin-Wittenau.jpg\" alt=\"\" width=\"225\" height=\"300\" \/><\/p>\n<p>Zahnarzt Gerhard Gneist wurde 1958 in Hamburg geboren. Er lebt seit 1985 er in Berlin.<\/p>\n<ul>\n<li>1992 Approbation als Zahnarzt in Berlin.<\/li>\n<li>Seit 1994 Niedergelassener Zahnarzt in Berlin-Wittenau in eigener Praxis.<\/li>\n<\/ul>\n<p>Herr Gneist engagiert sich im Land Berlin ehrenamtlich im zahn\u00e4rztlichen Standeswesen. Er ist<\/p>\n<ul>\n<li>Mitglied der Delegiertenversammlung der Zahn\u00e4rztekammer Berlin K.d.\u00f6.R.,<\/li>\n<li>Mitglied der Vertreterversammlung des Versorgungswerkes der Zahn\u00e4rztekammer Berlin,<\/li>\n<li>Mitglied der Vertreterversammlung der KZV Berlin K.d.\u00f6.R. und<\/li>\n<li>Vorstandsvorsitzender der<br \/>\nInitiative Unabh\u00e4ngige Zahn\u00e4rzte Berlin (<a href=\"https:\/\/www.iuzb.de\" target=\"_blank\" rel=\"noopener noreferrer\">IUZB<\/a>) e. V.<\/li>\n<\/ul>\n<p><a href=\"https:\/\/www.iuzb.de\" target=\"_blank\" rel=\"noopener\"><img loading=\"lazy\" decoding=\"async\" class=\"alignnone wp-image-123\" src=\"https:\/\/gerhard-gneist.de\/wp-content\/uploads\/2013\/07\/Logo-IUZB-klein-450t.png\" alt=\"\" width=\"400\" height=\"117\" srcset=\"https:\/\/gerhard-gneist.de\/wp-content\/uploads\/2013\/07\/Logo-IUZB-klein-450t.png 450w, https:\/\/gerhard-gneist.de\/wp-content\/uploads\/2013\/07\/Logo-IUZB-klein-450t-300x88.png 300w\" sizes=\"auto, (max-width: 400px) 100vw, 400px\" \/><\/a><\/p>\n<p><span style=\"color: #ffffff;\">.<\/span><\/p>\n","protected":false},"excerpt":{"rendered":"<p>&nbsp; Zahnarzt Herr Dr. Markus Hoffmann: Zahnarzt Dr. Markus Hoffmann wurde 1964 in Frankfurt am Main geboren. Er lebt seit 1972 in Berlin. Studium an der Freien Universit\u00e4t Berlin und 1990 Approbation als Zahnarzt. Promotion an der Humboldt Universit\u00e4t Berlin 1999 an der Medizinischen Fakult\u00e4t, Abteilung f\u00fcr Mund-, Kiefer- und Gesichtschirurgie, Plastische Operationen. Niedergelassener Zahnarzt &hellip; <a class=\"read-excerpt\" href=\"https:\/\/gerhard-gneist.de\/?page_id=369\">Weiterlesen <span class=\"meta-nav\">&raquo;<\/span><\/a><\/p>\n","protected":false},"author":1,"featured_media":0,"parent":0,"menu_order":4,"comment_status":"closed","ping_status":"closed","template":"","meta":{"footnotes":""},"class_list":["post-369","page","type-page","status-publish","hentry"],"_links":{"self":[{"href":"https:\/\/gerhard-gneist.de\/index.php?rest_route=\/wp\/v2\/pages\/369","targetHints":{"allow":["GET"]}}],"collection":[{"href":"https:\/\/gerhard-gneist.de\/index.php?rest_route=\/wp\/v2\/pages"}],"about":[{"href":"https:\/\/gerhard-gneist.de\/index.php?rest_route=\/wp\/v2\/types\/page"}],"author":[{"embeddable":true,"href":"https:\/\/gerhard-gneist.de\/index.php?rest_route=\/wp\/v2\/users\/1"}],"replies":[{"embeddable":true,"href":"https:\/\/gerhard-gneist.de\/index.php?rest_route=%2Fwp%2Fv2%2Fcomments&post=369"}],"version-history":[{"count":12,"href":"https:\/\/gerhard-gneist.de\/index.php?rest_route=\/wp\/v2\/pages\/369\/revisions"}],"predecessor-version":[{"id":405,"href":"https:\/\/gerhard-gneist.de\/index.php?rest_route=\/wp\/v2\/pages\/369\/revisions\/405"}],"wp:attachment":[{"href":"https:\/\/gerhard-gneist.de\/index.php?rest_route=%2Fwp%2Fv2%2Fmedia&parent=369"}],"curies":[{"name":"wp","href":"https:\/\/api.w.org\/{rel}","templated":true}]}}