{"id":32,"date":"2013-07-03T09:29:35","date_gmt":"2013-07-03T07:29:35","guid":{"rendered":"http:\/\/gerhard-gneist.de\/?page_id=32"},"modified":"2025-02-28T17:34:00","modified_gmt":"2025-02-28T15:34:00","slug":"impressum-2","status":"publish","type":"page","link":"https:\/\/gerhard-gneist.de\/?page_id=32","title":{"rendered":"Kontakt &#038; Impressum"},"content":{"rendered":"<p><strong>Zahn\u00e4rztliche <a href=\"http:\/\/de.wikipedia.org\/wiki\/Praxisgemeinschaft\" target=\"_blank\" rel=\"noopener noreferrer\">Praxisgemeinschaft<\/a><\/strong><br \/>\n<strong> Gerhard Gneist &amp; Dr. Markus Hoffmann<\/strong><\/p>\n<p>Praxis 13437 Berlin, <a href=\"https:\/\/www.google.de\/maps\/place\/Spie%C3%9Fweg+35,+13437+Berlin\/@52.5934461,13.3242149,17z\/data=!3m1!4b1!4m5!3m4!1s0x47a853822819eafb:0x1713e2073dd2e2e1!8m2!3d52.5934461!4d13.3264036?dcr=0\" target=\"_blank\" rel=\"noopener noreferrer\">Spie\u00dfweg 35<\/a><br \/>\nTelefon 030 &#8211; 411 24 94<br \/>\nFax 030 &#8211; 411 04 95<br \/>\neMail <a href=\"mailto:zahnarztpraxis_wittenau@yahoo.de\" target=\"_blank\" rel=\"noopener noreferrer\">zahnarztpraxis_wittenau@yahoo.de<br \/>\n<\/a>Webseite\u00a0<a href=\"https:\/\/www.gerhard-gneist.de\" target=\"_blank\" rel=\"noopener noreferrer\">www.gerhard-gneist.de<\/a><\/p>\n<ul>\n<li>Gerhard Gneist, Berufsbezeichnung Zahnarzt, verliehen in der Bundesrepublik Deutschland<\/li>\n<li>Dr. Markus Hoffmann, Berufsbezeichnung Zahnarzt, verliehen in der Bundesrepublik Deutschland<\/li>\n<li>Mitglieder der <a href=\"https:\/\/www.zaek-berlin.de\" target=\"_blank\" rel=\"noopener noreferrer\">Zahn\u00e4rztekammer Berlin K.d.\u00f6.R.<\/a><\/li>\n<li>Mitglieder der <a href=\"https:\/\/www.kzv-berlin.de\" target=\"_blank\" rel=\"noopener noreferrer\">Kassenzahn\u00e4rztlichen Vereinigung Berlin K.d.\u00f6.R.<\/a><\/li>\n<\/ul>\n<p><span style=\"text-decoration: underline;\"><strong>Berufsrechtliche Regelungen:<\/strong><\/span><\/p>\n<ul>\n<li>Gesetz \u00fcber die Aus\u00fcbung der Zahnheilkunde (ZHG)<\/li>\n<li>Berliner Kammergesetz f\u00fcr die Heilberufe<\/li>\n<li>Berufsordnung (der Zahn\u00e4rztekammer Berlin)<\/li>\n<li>Geb\u00fchrenordnung\u00a0f\u00fcr \u00a0Zahn\u00e4rzte (GOZ)<\/li>\n<li>abrufbar \u00fcber die Webseite der <a href=\"https:\/\/www.zaek-berlin.de\/\" target=\"_blank\" rel=\"noopener noreferrer\">Zahn\u00e4rztekammer Berlin<\/a><\/li>\n<\/ul>\n<p><span style=\"text-decoration: underline;\"><span style=\"background-color: #ffffff; color: #000000;\"><strong>Information zur au\u00dfergerichtlichen Streitbeilegung:<\/strong><\/span><\/span><\/p>\n<p style=\"text-align: justify;\"><span style=\"background-color: #ffffff; color: #000000;\">Im Hinblick auf eine Verpflichtung aus \u00a7\u00a7 <a href=\"https:\/\/www.gesetze-im-internet.de\/vsbg\/__36.html\" target=\"_blank\" rel=\"noopener noreferrer\">36<\/a>, <a href=\"https:\/\/www.gesetze-im-internet.de\/vsbg\/__37.html\" target=\"_blank\" rel=\"noopener noreferrer\">37<\/a> VSBG, setzen wir Sie davon in Kenntnis, dass unsere Praxis zu einem au\u00dfergerichtlichen Streitbeilegungsverfahren vor einer Verbraucherschlichtungsstelle i. S. d. VSBG nicht verpflichtet ist und an einem solchen Verfahren nicht teilnimmt. Die Zahn\u00e4rztekammer Berlin (10585 Berlin, Stallstra\u00dfe 1) hat eine <a href=\"https:\/\/www.zaek-berlin.de\/patienten\/gutachten-schlichtung-rechnungspruefung.html\" target=\"_blank\" rel=\"noopener noreferrer\">Schlichtungsstelle<\/a> f\u00fcr Streitigkeiten aus dem Berufsverh\u00e4ltnis nach dem Berliner Kammergesetz (BKG) eingerichtet, die von Patientinnen und Patienten bei Zweifeln an der Richtigkeit zahn\u00e4rztlicher Leistungen angerufen werden kann.<\/span><\/p>\n<p><span style=\"text-decoration: underline;\"><strong><span style=\"color: #000000; text-decoration: underline;\">Impressum:<\/span><\/strong><\/span><\/p>\n<p>Herausgeber und Verantwortlicher dieser Webseite:<\/p>\n<p style=\"padding-left: 30px;\">Zahnarzt Gerhard Gneist<br \/>\nPraxis 13437 Berlin, Spie\u00dfweg 35<br \/>\nTelefon 030 \u2013 411 05 16<br \/>\nFax 030 \u2013 411 04 95<br \/>\neMail <a href=\"mailto:ggneist@yahoo.de\" target=\"_blank\" rel=\"noopener noreferrer\">ggneist@yahoo.de<\/a><\/p>\n<p><span style=\"color: #ffffff;\"><strong>.<\/strong><\/span><\/p>\n<p>&nbsp;<\/p>\n<p>&nbsp;<\/p>\n<p style=\"text-align: justify;\"><strong>Wichtiger Hinweis \/ Disclaimer:<\/strong><\/p>\n<p style=\"text-align: justify;\">Der Hauptbestandteil und Grundgedanke des Mediums World Wide Web ist seine schnelle Begehbarkeit durch Hyperlinks, die es erm\u00f6glicht, Websites und somit Inhalte und Informationen miteinander zu verkn\u00fcpfen. Aus diesem Grund enthalten unsere Medienangebote Links.<\/p>\n<p style=\"text-align: justify;\">Trotz sorgf\u00e4ltiger Kontrolle, \u00fcbernehmen wir jedoch keine Haftung f\u00fcr die Inhalte externer Links. Linklegungen erfolgen im vorstehenden Sinne ausschlie\u00dflich aus informativen Gr\u00fcnden und nicht, weil wir uns die dortigen Inhalte zu eigen machen m\u00f6chten, oder etwa deswegen automatisch mit den Inhalten der verlinkten Seiten \u00fcbereinstimmen oder damit sympathisieren.<\/p>\n<p style=\"text-align: justify;\">F\u00fcr die Inhalte der verlinkten Seiten sind selbstverst\u00e4ndlich ausschlie\u00dflich deren Betreiber verantwortlich.<\/p>\n<p style=\"text-align: justify;\">Sollte Sie feststellen, dass unsere Medienangebote einen Link auf fragw\u00fcrdige Inhalte enthalten, so benachrichtigen Sie uns bitte, damit wir den Sachverhalt \u00fcberpr\u00fcfen und den Link ggf. entfernen k\u00f6nnen. \u2013 Vielen Dank.<\/p>\n","protected":false},"excerpt":{"rendered":"<p>Zahn\u00e4rztliche Praxisgemeinschaft Gerhard Gneist &amp; Dr. Markus Hoffmann Praxis 13437 Berlin, Spie\u00dfweg 35 Telefon 030 &#8211; 411 24 94 Fax 030 &#8211; 411 04 95 eMail zahnarztpraxis_wittenau@yahoo.de Webseite\u00a0www.gerhard-gneist.de Gerhard Gneist, Berufsbezeichnung Zahnarzt, verliehen in der Bundesrepublik Deutschland Dr. Markus Hoffmann, Berufsbezeichnung Zahnarzt, verliehen in der Bundesrepublik Deutschland Mitglieder der Zahn\u00e4rztekammer Berlin K.d.\u00f6.R. Mitglieder der Kassenzahn\u00e4rztlichen &hellip; <a class=\"read-excerpt\" href=\"https:\/\/gerhard-gneist.de\/?page_id=32\">Weiterlesen <span class=\"meta-nav\">&raquo;<\/span><\/a><\/p>\n","protected":false},"author":1,"featured_media":0,"parent":0,"menu_order":7,"comment_status":"closed","ping_status":"open","template":"","meta":{"footnotes":""},"class_list":["post-32","page","type-page","status-publish","hentry"],"_links":{"self":[{"href":"https:\/\/gerhard-gneist.de\/index.php?rest_route=\/wp\/v2\/pages\/32","targetHints":{"allow":["GET"]}}],"collection":[{"href":"https:\/\/gerhard-gneist.de\/index.php?rest_route=\/wp\/v2\/pages"}],"about":[{"href":"https:\/\/gerhard-gneist.de\/index.php?rest_route=\/wp\/v2\/types\/page"}],"author":[{"embeddable":true,"href":"https:\/\/gerhard-gneist.de\/index.php?rest_route=\/wp\/v2\/users\/1"}],"replies":[{"embeddable":true,"href":"https:\/\/gerhard-gneist.de\/index.php?rest_route=%2Fwp%2Fv2%2Fcomments&post=32"}],"version-history":[{"count":66,"href":"https:\/\/gerhard-gneist.de\/index.php?rest_route=\/wp\/v2\/pages\/32\/revisions"}],"predecessor-version":[{"id":416,"href":"https:\/\/gerhard-gneist.de\/index.php?rest_route=\/wp\/v2\/pages\/32\/revisions\/416"}],"wp:attachment":[{"href":"https:\/\/gerhard-gneist.de\/index.php?rest_route=%2Fwp%2Fv2%2Fmedia&parent=32"}],"curies":[{"name":"wp","href":"https:\/\/api.w.org\/{rel}","templated":true}]}}